{"id":1880,"date":"2025-01-24T09:40:21","date_gmt":"2025-01-24T08:40:21","guid":{"rendered":"https:\/\/2p8ckgcagxu.preview.infomaniak.website\/accueil\/"},"modified":"2026-04-16T13:03:44","modified_gmt":"2026-04-16T11:03:44","slug":"accueil","status":"publish","type":"page","link":"https:\/\/zaemesammle.ch\/fr\/","title":{"rendered":"Accueil"},"content":{"rendered":"\n<div class=\"wp-block-group section section-alt is-layout-flow wp-block-group-is-layout-flow\">\n<picture class=\"hero-banner\"><source media=\"(max-width: 600px)\" srcset=\"https:\/\/zaemesammle.ch\/wp-content\/uploads\/2026\/04\/2026_ZSweb_Head-Mobile_Fr.png\"><img decoding=\"async\" src=\"https:\/\/zaemesammle.ch\/wp-content\/uploads\/2026\/03\/2026_ZSweb_Head-Desktop_FR-1.png\" alt=\"Zaeme Sammle Hero\"><\/picture>\n<\/div>\n\n\n\n<div class=\"wp-block-group section-alt pb-3 home-h1 is-layout-flow wp-block-group-is-layout-flow\">\n<h1 class=\"wp-block-heading has-text-align-center\" style=\"font-size:2em\">Ensemble contre les n\u00e9ophytes envahissantes&nbsp;!<\/h1>\n<\/div>\n\n\n\n<section class=\"wp-block-group section section-prim bg-secondary text-primary is-layout-constrained wp-block-group-is-layout-constrained\">\n<div class=\"wp-block-group container is-layout-constrained wp-block-group-is-layout-constrained\">\n<div class=\"wp-block-group row d-flex justify-content-center gap-0 gap-md-3 align-items-center h-100 w-100 is-layout-constrained wp-block-group-is-layout-constrained\">\n<div class=\"wp-block-group col-4 col-md-2 p-0 m-0 d-flex align-items-center justify-content-center is-layout-constrained wp-block-group-is-layout-constrained\">\n<div class=\"wp-block-group m-0 p-0 icon-div icon-div-btn is-layout-constrained wp-block-group-is-layout-constrained\">\n<figure class=\"wp-block-image size-large img-svg\"><img decoding=\"async\" src=\"\/wp-content\/uploads\/svg\/2025_ZSweb_Icon_Neophyten.svg\" alt=\"\"\/><\/figure>\n\n\n\n<p class=\"has-text-align-center p-0 m-0\">N\u00e9ophytes<\/p>\n\n\n\n<a href=\"https:\/\/zaemesammle.ch\/fr\/neophytes-envahissantes\/\" class=\"full-link\" aria-label=\"Go to example site\"><\/a>\n<\/div>\n<\/div>\n\n\n\n<div class=\"wp-block-group col-4 col-md-2 p-0 m-0 d-flex align-items-center justify-content-center is-layout-constrained wp-block-group-is-layout-constrained\">\n<div class=\"wp-block-group  m-0 p-0 icon-div icon-div-btn is-layout-constrained wp-block-group-is-layout-constrained\">\n<figure class=\"wp-block-image size-large img-svg\"><img decoding=\"async\" src=\"\/wp-content\/uploads\/svg\/2025_ZSweb_Icon_Map.svg\" alt=\"\"\/><\/figure>\n\n\n\n<p class=\"has-text-align-center p-0 m-0\">Carte<\/p>\n\n\n\n<a href=\"#map-section\" class=\"full-link\" aria-label=\"Go to example site\"><\/a>\n<\/div>\n<\/div>\n\n\n\n<div class=\"wp-block-group col-4 col-md-2 p-0 m-0 d-flex align-items-center justify-content-center is-layout-constrained wp-block-group-is-layout-constrained\">\n<div class=\"wp-block-group  m-0 p-0 icon-div icon-div-btn is-layout-constrained wp-block-group-is-layout-constrained\">\n<figure class=\"wp-block-image size-large img-svg\"><img decoding=\"async\" src=\"\/wp-content\/uploads\/svg\/2025_ZSweb_Icon_Go.svg\" alt=\"\"\/><\/figure>\n\n\n\n<p class=\"has-text-align-center p-0 m-0\">Participer<\/p>\n\n\n\n<a href=\"https:\/\/zaemesammle.ch\/fr\/participer\/\" class=\"full-link\" aria-label=\"Go to example site\"><\/a>\n<\/div>\n<\/div>\n<\/div>\n\n\n\n<div class=\"wp-block-group row is-layout-constrained wp-block-group-is-layout-constrained\">\n<div class=\"wp-block-group col-md-6 col-12 mt-4 p-4 is-layout-constrained wp-block-group-is-layout-constrained\">\n<p><strong>Envie de prot\u00e9ger la nature et de soutenir l\u2019agriculture locale ? Participe toi aussi au projet #\u00e0l&rsquo;arrache !  <\/strong><\/p>\n\n\n\n<p>#\u00e0l&rsquo;arrache est une plateforme qui met en relation les exploitant\u00b7e\u00b7s de surfaces et les volontaires.<\/p>\n<\/div>\n\n\n\n<div class=\"wp-block-group col-md-6 col-12 mt-4 p-4 is-layout-constrained wp-block-group-is-layout-constrained\">\n<p>Ensemble, ils et elles aident \u00e0 g\u00e9rer les n\u00e9ophytes envahissantes de parcelles contamin\u00e9es.<\/p>\n\n\n\n<p>Inscris-toi d\u00e8s aujourd\u2019hui et engage-toi pour une nature diversifi\u00e9e. <\/p>\n\n\n\n<p><strong>Ensemble, nous faisons la diff\u00e9rence !<\/strong><\/p>\n<\/div>\n<\/div>\n<\/div>\n<\/section>\n\n\n\n<section class=\"wp-block-group section section-alt bg-primary text-secondary is-layout-constrained wp-block-group-is-layout-constrained\">\n<div class=\"wp-block-group container is-layout-constrained wp-block-group-is-layout-constrained\">\n<div class=\"wp-block-group row is-layout-constrained wp-block-group-is-layout-constrained\">\n<h2 class=\"wp-block-heading has-text-align-left m-0\"><strong><strong>Comment fonctionne #\u00e0l&rsquo;arrache ?<\/strong><\/strong><\/h2>\n\n\n\n<div class=\"wp-block-group col-md-6 col-12 mt-4 row p-4 is-layout-constrained wp-block-group-is-layout-constrained\">\n<p class=\"mb-3\"><strong>Je m\u2019inscris comme volontaire<\/strong><\/p>\n\n\n\n<div class=\"wp-block-group row mx-0 px-0 d-flex align-items-center my-1 col-12 is-layout-constrained wp-block-group-is-layout-constrained\">\n<p class=\"mx-0 px-0 col-2 bg-circle bg-secondary text-primary\"><strong>1<\/strong><\/p>\n\n\n\n<p class=\"col-10\"><a href=\"https:\/\/zaemesammle.ch\/fr\/inscription\/\" data-type=\"page\" data-id=\"163\">Inscris-toi<\/a> sur <strong>#\u00e0l&rsquo;arrache<\/strong><\/p>\n<\/div>\n\n\n\n<div class=\"wp-block-group row mx-0 px-0 d-flex align-items-center my-1 is-layout-constrained wp-block-group-is-layout-constrained\">\n<p class=\"mx-0 px-0 col-2 bg-circle bg-secondary text-primary\">2<\/p>\n\n\n\n<p class=\"col-10\"><a href=\"https:\/\/zaemesammle.ch\/fr\/rechercher-un-terrain\/\" data-type=\"link\" data-id=\"https:\/\/zaemesammle.ch\/Einsatzort-suchen\/\">Trouve ta mission<\/a> <\/p>\n<\/div>\n\n\n\n<div class=\"wp-block-group row mx-0 px-0 d-flex align-items-center my-1 is-layout-constrained wp-block-group-is-layout-constrained\">\n<p class=\"mx-0 px-0 col-2 bg-circle bg-secondary text-primary\">3<\/p>\n\n\n\n<p class=\"col-10\"><strong>Ensemble<\/strong>, intervenez pour g\u00e9rer les n\u00e9ophytes envahissantes<\/p>\n<\/div>\n\n\n\n<div class=\"wp-block-group row mx-0 px-0 d-flex align-items-center my-1 is-layout-constrained wp-block-group-is-layout-constrained\">\n<p class=\"mx-0 px-0 col-2 bg-circle bg-secondary text-primary\">4<\/p>\n\n\n\n<p class=\"col-10\">C\u00e9l\u00e9brez ensemble votre succ\u00e8s pour la <strong>protection de la biodiversit\u00e9 !<\/strong> <\/p>\n<\/div>\n\n\n\n<div class=\"wp-block-buttons col-9 mt-3 is-vertical is-content-justification-center is-layout-flex wp-container-core-buttons-is-layout-734eb2c2 gap-1 mb-3\">\n<div class=\"wp-block-button btn is-style-fill w-100\"><a class=\"wp-block-button__link has-background wp-element-button btn btn-primary\" href=\"https:\/\/zaemesammle.ch\/fr\/rechercher-un-terrain\/\" style=\"background-color:#ffffff00\">Rechercher une mission<\/a><\/div>\n<\/div>\n<\/div>\n\n\n\n<div class=\"wp-block-group col-md-6 col-12 mt-4 row p-4 is-layout-constrained wp-block-group-is-layout-constrained\">\n<p class=\"mb-3\"><strong>J\u2019ai besoin de soutien<\/strong><\/p>\n\n\n\n<div class=\"wp-block-group row mx-0 px-0 d-flex align-items-center my-1 is-layout-constrained wp-block-group-is-layout-constrained\">\n<p class=\"mx-0 px-0 col-2 bg-circle bg-secondary text-primary\"><strong>1<\/strong><\/p>\n\n\n\n<p class=\"col-10\"><a href=\"https:\/\/zaemesammle.ch\/fr\/inscription\/\" data-type=\"page\" data-id=\"163\">Inscris-toi<\/a> sur <strong>#\u00e0l&rsquo;arrache<\/strong><\/p>\n<\/div>\n\n\n\n<div class=\"wp-block-group mx-0 px-0 row d-flex align-items-center my-1 is-layout-constrained wp-block-group-is-layout-constrained\">\n<p class=\"mx-0 px-0 col-2 bg-circle bg-secondary text-primary\">2<\/p>\n\n\n\n<p class=\"col-10\"><a href=\"https:\/\/zaemesammle.ch\/fr\/nouveau-terrain\/\" data-type=\"link\" data-id=\"https:\/\/zaemesammle.ch\/Neuer-Einsatzort\/\">Enregistre ta surface<\/a> et <a href=\"https:\/\/zaemesammle.ch\/fr\/recherche-de-volontaires\/\" data-type=\"link\" data-id=\"https:\/\/zaemesammle.ch\/suche-nach-Flachenanbieterin\/\">trouve des volontaires<\/a>.<\/p>\n<\/div>\n\n\n\n<div class=\"wp-block-group row mx-0 px-0 d-flex align-items-center my-1 is-layout-constrained wp-block-group-is-layout-constrained\">\n<p class=\"mx-0 px-0 col-2 bg-circle bg-secondary text-primary\">3<\/p>\n\n\n\n<p class=\"col-10\"><strong>Ensemble<\/strong>, intervenez pour g\u00e9rer les n\u00e9ophytes envahissantes<\/p>\n<\/div>\n\n\n\n<div class=\"wp-block-group row mx-0 px-0 d-flex align-items-center my-1 is-layout-constrained wp-block-group-is-layout-constrained\">\n<p class=\"mx-0 px-0 col-2 bg-circle bg-secondary text-primary\">4<\/p>\n\n\n\n<p class=\"col-10\">C\u00e9l\u00e9brez ensemble votre succ\u00e8s pour la <strong>protection de la biodiversit\u00e9 !<\/strong> <\/p>\n<\/div>\n\n\n\n<div class=\"wp-block-buttons col-9 mt-3 is-vertical is-content-justification-center is-layout-flex wp-container-core-buttons-is-layout-f337e2a4 gap-1 mb-3\">\n<div class=\"wp-block-button btn is-style-fill w-100\"><a class=\"wp-block-button__link has-background wp-element-button btn btn-primary\" href=\"https:\/\/zaemesammle.ch\/fr\/recherche-de-volontaires\/?freiwillige=Ja\" style=\"background-color:#ffffff00\">Rechercher des volontaires<\/a><\/div>\n<\/div>\n<\/div>\n<\/div>\n<\/div>\n<\/section>\n\n\n\n<div id=\"map-section\" class=\"wp-block-group is-layout-constrained wp-block-group-is-layout-constrained\"><\/div>\n\n\n\n<section class=\"wp-block-group section-prim pt-3 pb-0 mb-0 is-layout-constrained wp-block-group-is-layout-constrained\">\n<h2 class=\"wp-block-heading has-text-align-left pt-3 pb-3\">Carte<\/h2>\n\n\n\n<div id=\"map\" class=\"w-100 p-0 m-0\" style=\"max-width: none;\" data-map-type=\"default\"><\/div>\n<\/section>\n\n\n\n<section class=\"wp-block-group section-alt pb-3 is-layout-constrained wp-block-group-is-layout-constrained\">\n<div class=\"wp-block-group container pb-5 is-layout-constrained wp-block-group-is-layout-constrained\">\n<p><img loading=\"lazy\" decoding=\"async\" width=\"20\" height=\"20\" class=\"wp-image-1279\" style=\"width: 20px;\" src=\"https:\/\/zaemesammle.ch\/wp-content\/uploads\/2025\/03\/Map_volunteer.png\" alt=\"\"> Volontaire <img loading=\"lazy\" decoding=\"async\" width=\"20\" height=\"20\" class=\"wp-image-1278\" style=\"width: 20px;\" src=\"https:\/\/zaemesammle.ch\/wp-content\/uploads\/2025\/03\/Map_open_mission.png\" alt=\"\"> Mission ouverte <img loading=\"lazy\" decoding=\"async\" width=\"20\" height=\"20\" class=\"wp-image-1277\" style=\"width: 20px;\" src=\"https:\/\/zaemesammle.ch\/wp-content\/uploads\/2025\/03\/Map_active_mission.png\" alt=\"\"> Mission attribu\u00e9e<\/p>\n<\/div>\n<\/section>\n\n\n\n<style> #header-logo{\n\tdisplay:none !important;\n} \n.entry-header{\n\tdisplay:none !important;\n}<\/style>\n\n\n\n<p><\/p>\n","protected":false},"excerpt":{"rendered":"<p>Ensemble contre les n\u00e9ophytes envahissantes&nbsp;! N\u00e9ophytes Carte Participer Envie de prot\u00e9ger la nature et de soutenir l\u2019agriculture locale ? Participe toi aussi au projet #\u00e0l&rsquo;arrache ! #\u00e0l&rsquo;arrache est une plateforme qui met en relation les exploitant\u00b7e\u00b7s de surfaces et les volontaires. Ensemble, ils et elles aident \u00e0 g\u00e9rer les n\u00e9ophytes envahissantes de parcelles contamin\u00e9es. Inscris-toi [&hellip;]<\/p>\n","protected":false},"author":1,"featured_media":0,"parent":0,"menu_order":0,"comment_status":"closed","ping_status":"closed","template":"","meta":{"footnotes":""},"class_list":["post-1880","page","type-page","status-publish","hentry"],"_links":{"self":[{"href":"https:\/\/zaemesammle.ch\/fr\/wp-json\/wp\/v2\/pages\/1880","targetHints":{"allow":["GET"]}}],"collection":[{"href":"https:\/\/zaemesammle.ch\/fr\/wp-json\/wp\/v2\/pages"}],"about":[{"href":"https:\/\/zaemesammle.ch\/fr\/wp-json\/wp\/v2\/types\/page"}],"author":[{"embeddable":true,"href":"https:\/\/zaemesammle.ch\/fr\/wp-json\/wp\/v2\/users\/1"}],"replies":[{"embeddable":true,"href":"https:\/\/zaemesammle.ch\/fr\/wp-json\/wp\/v2\/comments?post=1880"}],"version-history":[{"count":32,"href":"https:\/\/zaemesammle.ch\/fr\/wp-json\/wp\/v2\/pages\/1880\/revisions"}],"predecessor-version":[{"id":2348,"href":"https:\/\/zaemesammle.ch\/fr\/wp-json\/wp\/v2\/pages\/1880\/revisions\/2348"}],"wp:attachment":[{"href":"https:\/\/zaemesammle.ch\/fr\/wp-json\/wp\/v2\/media?parent=1880"}],"curies":[{"name":"wp","href":"https:\/\/api.w.org\/{rel}","templated":true}]}}