{"id":1813,"date":"2025-02-06T04:29:58","date_gmt":"2025-02-06T03:29:58","guid":{"rendered":"https:\/\/2p8ckgcagxu.preview.infomaniak.website\/?page_id=1813"},"modified":"2026-04-15T14:22:05","modified_gmt":"2026-04-15T12:22:05","slug":"tableau-de-bord-utilisateur","status":"publish","type":"page","link":"https:\/\/zaemesammle.ch\/fr\/tableau-de-bord-utilisateur\/","title":{"rendered":"Tableau de bord"},"content":{"rendered":"\n<section class=\"wp-block-group section section-prim is-layout-constrained wp-block-group-is-layout-constrained\">\n<div class=\"wp-block-group container is-layout-constrained wp-block-group-is-layout-constrained\">\n<div class=\"wp-block-group d-flex justify-content-start is-content-justification-left is-layout-constrained wp-container-core-group-is-layout-12dd3699 wp-block-group-is-layout-constrained\">\n<h1 class=\"wp-block-heading has-text-align-left mx-0 my-auto\">Mon profil<\/h1>\n\n\n\n<div class=\"wp-block-buttons m-0 ps-3 is-horizontal is-content-justification-space-between is-layout-flex wp-container-core-buttons-is-layout-f200d7a0 gap-1 mb-3\">\n<div class=\"wp-block-button is-style-fill btn\"><a class=\"wp-block-button__link has-background wp-element-button btn btn-primary\" href=\"https:\/\/zaemesammle.ch\/wp-login.php?action=logout&amp;redirect_to=https%3A%2F%2Fzaemesammle.ch%2Ffr%2F&amp;_wpnonce=5c721bcdee\" style=\"background-color:#ffffff00\">Se d\u00e9connecter<\/a><\/div>\n<\/div>\n\n\n\n<p><\/p>\n\n\n\n<p class=\"has-text-align-left\"><\/p>\n<\/div>\n\n\n\n<p><strong>Tu souhaites d\u00e9sactiver temporairement ton profil ?<\/strong> Pour ce faire, modifie ton profil et d\u00e9sactive l\u2019option correspondante : \u00ab <em>Je veux participer en tant que responsable de terrain<\/em> \u00bb ou \u00ab <em>Je veux participer en tant que volontaire <\/em>\u00bb.<\/p>\n\n\n\n<p><strong>Tu souhaites supprimer ton profil ?<\/strong> Contacte-nous ici : <strong>zaemesammle@catta.ch<\/strong><\/p>\n\n\n\n<p class=\"has-text-align-left\">Cette plateforme est un projet pilote du canton d&rsquo;Argovie. Si tu as des questions, des suggestions ou des retours, n&rsquo;h\u00e9site pas \u00e0 nous \u00e9crire \u00e0 <strong>zaemesammle@catta.ch<\/strong>. <\/p>\n\n\n\n<div class=\"wp-block-group card rounded-5 is-layout-constrained wp-block-group-is-layout-constrained\">\n<div class=\"wp-block-group card-body is-layout-constrained wp-block-group-is-layout-constrained\"><div class=\"frm_no_entries\">\u26a0\ufe0f Tu n&rsquo;as pas encore de profil personnel. Pri\u00e8re d&rsquo;en cr\u00e9er un <a href=\"\/benutzerin-bearbeiten\">ici<\/a> \u26a0\ufe0f<\/div>\n<\/div>\n<\/div>\n\n\n\n<div class=\"wp-block-buttons row pt-3 is-content-justification-center is-layout-flex wp-container-core-buttons-is-layout-a89b3969 gap-1 mb-3\">\n<div class=\"wp-block-button is-style-fill btn col-5 col-md-4 col-lg-3 h-100\"><a class=\"wp-block-button__link has-background wp-element-button btn btn-primary\" href=\"https:\/\/zaemesammle.ch\/fr\/nouveau-terrain\/\" style=\"background-color:#ffffff00\">Enregistrer une nouvelle mission<\/a><\/div>\n\n\n\n<div class=\"wp-block-button is-style-fill btn col-5 col-md-4 col-lg-3 h-100\"><a class=\"wp-block-button__link has-background wp-element-button btn btn-primary\" href=\"https:\/\/zaemesammle.ch\/freiwillige-suchen\" style=\"background-color:#ffffff00\">Rechercher des <br\/>volontaires<\/a><\/div>\n\n\n<\/div>\n<\/div>\n<\/section>\n\n<section class=\"wp-block-group section section-prim is-layout-constrained wp-block-group-is-layout-constrained\">\n<div class=\"wp-block-group container is-layout-constrained wp-block-group-is-layout-constrained\">\n<h2 class=\"wp-block-heading has-text-align-left\">Terrains propos\u00e9s<\/h2>\n\n\n\n<div class=\"wp-block-group card rounded-5 is-layout-constrained wp-block-group-is-layout-constrained\">\n<div class=\"wp-block-group card-body scroll-container is-layout-constrained wp-block-group-is-layout-constrained\">\n<div class=\"wp-block-columns is-layout-flex wp-container-core-columns-is-layout-28f84493 wp-block-columns-is-layout-flex\">\n<div class=\"wp-block-column is-layout-flow wp-block-column-is-layout-flow\" style=\"flex-basis:100%\"><div class=\"frm_no_entries\">Tu n&rsquo;as pas enregistr\u00e9 de terrain<\/div>\n\n<\/div>\n<\/div>\n<\/div>\n<\/div>\n<\/div>\n<\/section>\n\n<section class=\"wp-block-group section section-prim is-layout-constrained wp-block-group-is-layout-constrained\">\n<div class=\"wp-block-group container is-layout-constrained wp-block-group-is-layout-constrained\">\n<h2 class=\"wp-block-heading has-text-align-left\">Missions ouvertes en tant que responsable de terrain<\/h2>\n\n\n\n<div class=\"wp-block-group card rounded-5 is-layout-constrained wp-block-group-is-layout-constrained\">\n<div class=\"wp-block-group card-body scroll-container is-layout-constrained wp-block-group-is-layout-constrained\"><div class=\"frm_no_entries\">Aucune correspondance trouv\u00e9e<\/div>\n\n<\/div>\n<\/div>\n<\/div>\n<\/section>\n\n<section class=\"wp-block-group section section-prim is-layout-constrained wp-block-group-is-layout-constrained\">\n<div class=\"wp-block-group container is-layout-constrained wp-block-group-is-layout-constrained\">\n<h2 class=\"wp-block-heading has-text-align-left\">Missions ouvertes comme volontaire<\/h2>\n\n\n\n<div class=\"wp-block-group card rounded-5 is-layout-constrained wp-block-group-is-layout-constrained\">\n<div class=\"wp-block-group card-body scroll-container is-layout-constrained wp-block-group-is-layout-constrained\"><div class=\"frm_no_entries\">Pas de correspondance trouv\u00e9e<\/div>\n\n<\/div>\n<\/div>\n<\/div>\n<\/section>\n\n<p><\/p>\n","protected":false},"excerpt":{"rendered":"<p>Mon profil Tu souhaites d\u00e9sactiver temporairement ton profil ? Pour ce faire, modifie ton profil et d\u00e9sactive l\u2019option correspondante : \u00ab Je veux participer en tant que responsable de terrain \u00bb ou \u00ab Je veux participer en tant que volontaire \u00bb. Tu souhaites supprimer ton profil ? Contacte-nous ici : zaemesammle@catta.ch Cette plateforme est un [&hellip;]<\/p>\n","protected":false},"author":1,"featured_media":0,"parent":0,"menu_order":0,"comment_status":"closed","ping_status":"closed","template":"","meta":{"footnotes":""},"class_list":["post-1813","page","type-page","status-publish","hentry"],"_links":{"self":[{"href":"https:\/\/zaemesammle.ch\/fr\/wp-json\/wp\/v2\/pages\/1813","targetHints":{"allow":["GET"]}}],"collection":[{"href":"https:\/\/zaemesammle.ch\/fr\/wp-json\/wp\/v2\/pages"}],"about":[{"href":"https:\/\/zaemesammle.ch\/fr\/wp-json\/wp\/v2\/types\/page"}],"author":[{"embeddable":true,"href":"https:\/\/zaemesammle.ch\/fr\/wp-json\/wp\/v2\/users\/1"}],"replies":[{"embeddable":true,"href":"https:\/\/zaemesammle.ch\/fr\/wp-json\/wp\/v2\/comments?post=1813"}],"version-history":[{"count":19,"href":"https:\/\/zaemesammle.ch\/fr\/wp-json\/wp\/v2\/pages\/1813\/revisions"}],"predecessor-version":[{"id":2315,"href":"https:\/\/zaemesammle.ch\/fr\/wp-json\/wp\/v2\/pages\/1813\/revisions\/2315"}],"wp:attachment":[{"href":"https:\/\/zaemesammle.ch\/fr\/wp-json\/wp\/v2\/media?parent=1813"}],"curies":[{"name":"wp","href":"https:\/\/api.w.org\/{rel}","templated":true}]}}