{"id":1807,"date":"2025-01-29T10:23:46","date_gmt":"2025-01-29T09:23:46","guid":{"rendered":"https:\/\/2p8ckgcagxu.preview.infomaniak.website\/?page_id=1807"},"modified":"2025-12-08T17:49:31","modified_gmt":"2025-12-08T16:49:31","slug":"afficher-les-gestionnaires-de-zones","status":"publish","type":"page","link":"https:\/\/zaemesammle.ch\/fr\/afficher-les-gestionnaires-de-zones\/","title":{"rendered":"Afficher les responsables de terrain"},"content":{"rendered":"\n<section class=\"wp-block-group section section-prim is-layout-constrained wp-block-group-is-layout-constrained\">\n<div class=\"wp-block-group container is-layout-constrained wp-block-group-is-layout-constrained\">\n<h1 class=\"wp-block-heading has-text-align-left\">Volontaires<\/h1>\n\n\n\n<div class=\"wp-block-group card rounded-5 is-layout-constrained wp-block-group-is-layout-constrained\">\n<div class=\"wp-block-group card-body is-layout-constrained wp-block-group-is-layout-constrained\"><div class=\"frm_grid_container with_frm_style frm-grid-view\" style=\"--v-tl-border-thickness: x;--v-tl-border-style: none;--v-tl-grid-column:span 12\/span 12;grid-gap: 5px 2%;\"><div><div class=\"frm_grid_container\"><div class=\"frm12\"><h2 style=\"text-align: left;\"><strong>zs_admin<\/strong><\/h2>\n<p> &#8211; <\/p>\n<\/div><\/div><div class=\"frm_grid_container\"><div class=\"frm3\"><div class=\"profile-div\"><img decoding=\"async\" src=\"\" alt=\"Profile Image\" \/><\/div><p>\u00a0<\/p><\/div><div class=\"frm9\"><div class=\"p-2 rounded-3 border-1 border border-secondary\"><p>This is all about me, I\u2019m the one writing all this<\/p>\n<\/div><\/div><\/div><div class=\"frm_grid_container\"><div class=\"frm12\">&nbsp;<\/div><\/div><div class=\"frm_grid_container\"><div class=\"frm4\"><p><strong>Infos profil<\/strong><\/p><p>WP Id: 1<\/p><p>ZS Id: 4322<\/p><\/div><div class=\"frm4\"><strong>Mission en tant que<\/strong>\n\n\n\n&nbsp;<\/div><div class=\"frm4\"><p><strong>N\u00e9ophytes envahissantes<\/strong><\/p><p><\/p><p>\u00a0<\/p><\/div><\/div><div class=\"frm_grid_container\"><div class=\"frm12\"><\/div><\/div><div class=\"frm_grid_container\"><div class=\"frm12\"><\/div><\/div><\/div><\/div>\n<\/div>\n<\/div>\n<\/div>\n<\/section>\n\n\n\n<section class=\"wp-block-group section section-prim is-layout-constrained wp-block-group-is-layout-constrained\">\n<div class=\"wp-block-group container is-layout-constrained wp-block-group-is-layout-constrained\">\n<h2 class=\"wp-block-heading has-text-align-left\">Contacter le \/ la volontaire<\/h2>\n\n\n\n<div class=\"wp-block-group card rounded-5 is-layout-constrained wp-block-group-is-layout-constrained\">\n<div class=\"wp-block-group card-body is-layout-constrained wp-block-group-is-layout-constrained\"><div class=\"frm_forms \" id=\"frm_form_16_container\" data-token=\"4bf04d5160b4cb2268b815b114d56158\">\n<form enctype=\"multipart\/form-data\" method=\"post\" class=\"frm-show-form  frm_pro_form \" id=\"form_user-not-registered\" data-token=\"4bf04d5160b4cb2268b815b114d56158\">\n<div class=\"frm_form_fields \">\n<fieldset>\n<legend class=\"frm_screen_reader\">User Not Registered<\/legend>\r\n\r\n<div class=\"frm_fields_container\">\n<input type=\"hidden\" name=\"frm_action\" value=\"create\" \/>\n<input type=\"hidden\" name=\"form_id\" value=\"16\" \/>\n<input type=\"hidden\" name=\"frm_hide_fields_16\" id=\"frm_hide_fields_16\" value=\"\" \/>\n<input type=\"hidden\" name=\"form_key\" value=\"user-not-registered\" \/>\n<input type=\"hidden\" name=\"item_meta[0]\" value=\"\" \/>\n<input type=\"hidden\" id=\"frm_submit_entry_16\" name=\"frm_submit_entry_16\" value=\"05c92957c6\" \/><input type=\"hidden\" name=\"_wp_http_referer\" value=\"\/fr\/wp-json\/wp\/v2\/pages\/1807\" \/><div id=\"frm_field_218_container\" class=\"frm_form_field  frm_html_container form-field\">Cette fonctionnalit\u00e9 est r\u00e9serv\u00e9e aux utilisateur\u00b7rices enregistr\u00e9\u00b7es. Cr\u00e9er un compte <a href=\"https:\/\/zaemesammle.ch\/fr\/modifier-le-profil-des-volontaires\/\">ici<\/a>.<\/div>\n<div id=\"frm_field_217_container\" class=\"frm_form_field form-field  form-group\">\r\n\t<div class=\"form-group frm_submit frm_flex\">\r\n<button class=\"frm_button_submit btn btn-secondary frm_final_submit\" type=\"submit\"  >Envoyer<\/button>\r\n\r\n\r\n\r\n<\/div>\r\n<\/div>\n\t\t<input  type=\"hidden\" name=\"item_meta[219]\" id=\"field_iresz\" value=\"\"  class=\"form-control\"   \/>\n\t\t\t<input type=\"hidden\" name=\"item_key\" value=\"\" \/>\n\t\t\t<div id=\"frm_field_322_container\">\n\t\t\t<label for=\"field_ychlx\" >\n\t\t\t\tSi vous \u00eates un humain, ne remplissez pas ce champ.\t\t\t<\/label>\n\t\t\t<input  id=\"field_ychlx\" type=\"text\" class=\"frm_form_field form-field frm_verify\" name=\"item_meta[322]\" value=\"\"  \/>\n\t\t<\/div>\n\t\t<input name=\"frm_state\" type=\"hidden\" value=\"wCOxhQUSmQBjp6QutrLENpPm31yuphgLSKDxlTidSKL8BnPZ1Bbd2olkFu7u\/a0Ajda70KupqmX3ZOPwrcWBMQ==\" \/><\/div>\n<\/fieldset>\n<\/div>\n\n<\/form>\n<\/div>\n\n<\/div>\n<\/div>\n<\/div>\n<\/section>\n\n\n\n<p><\/p>\n","protected":false},"excerpt":{"rendered":"<p>Volontaires Contacter le \/ la volontaire<\/p>\n","protected":false},"author":1,"featured_media":0,"parent":0,"menu_order":0,"comment_status":"closed","ping_status":"closed","template":"","meta":{"footnotes":""},"class_list":["post-1807","page","type-page","status-publish","hentry"],"_links":{"self":[{"href":"https:\/\/zaemesammle.ch\/fr\/wp-json\/wp\/v2\/pages\/1807","targetHints":{"allow":["GET"]}}],"collection":[{"href":"https:\/\/zaemesammle.ch\/fr\/wp-json\/wp\/v2\/pages"}],"about":[{"href":"https:\/\/zaemesammle.ch\/fr\/wp-json\/wp\/v2\/types\/page"}],"author":[{"embeddable":true,"href":"https:\/\/zaemesammle.ch\/fr\/wp-json\/wp\/v2\/users\/1"}],"replies":[{"embeddable":true,"href":"https:\/\/zaemesammle.ch\/fr\/wp-json\/wp\/v2\/comments?post=1807"}],"version-history":[{"count":11,"href":"https:\/\/zaemesammle.ch\/fr\/wp-json\/wp\/v2\/pages\/1807\/revisions"}],"predecessor-version":[{"id":1944,"href":"https:\/\/zaemesammle.ch\/fr\/wp-json\/wp\/v2\/pages\/1807\/revisions\/1944"}],"wp:attachment":[{"href":"https:\/\/zaemesammle.ch\/fr\/wp-json\/wp\/v2\/media?parent=1807"}],"curies":[{"name":"wp","href":"https:\/\/api.w.org\/{rel}","templated":true}]}}