{"id":1803,"date":"2025-01-31T09:39:58","date_gmt":"2025-01-31T08:39:58","guid":{"rendered":"https:\/\/2p8ckgcagxu.preview.infomaniak.website\/?page_id=1803"},"modified":"2025-12-08T17:47:33","modified_gmt":"2025-12-08T16:47:33","slug":"statut-de-lintervention-des-volontaires","status":"publish","type":"page","link":"https:\/\/zaemesammle.ch\/fr\/statut-de-lintervention-des-volontaires\/","title":{"rendered":"Statut de la mission (volontaire)"},"content":{"rendered":"\n<section class=\"wp-block-group section section-prim is-layout-constrained wp-block-group-is-layout-constrained\">\n<div class=\"wp-block-group container is-layout-constrained wp-block-group-is-layout-constrained\">\n<h1 class=\"wp-block-heading has-text-align-left has-primary-color has-text-color has-link-color has-large-font-size wp-elements-4a428c5426541eb0bef5693d8f127ef5\">\u00c9tat de la mission<\/h1>\n\n\n\n<div class=\"wp-block-group card rounded-5 is-layout-constrained wp-block-group-is-layout-constrained\">\n<div class=\"wp-block-group card-body is-layout-constrained wp-block-group-is-layout-constrained\"><div class=\"frm_forms \" id=\"frm_form_15_container\" data-token=\"357e49c455128d5a878a2c90073eaa0a\">\n<form enctype=\"multipart\/form-data\" method=\"post\" class=\"frm-show-form  frm_pro_form \" id=\"form_task-state-volunteer\" data-token=\"357e49c455128d5a878a2c90073eaa0a\">\n<div class=\"frm_form_fields \">\n<fieldset>\n<legend class=\"frm_screen_reader\">\u00c9tat de la t\u00e2che &#8211; B\u00e9n\u00e9vole<\/legend>\r\n\r\n<div class=\"frm_fields_container\">\n<input type=\"hidden\" name=\"frm_action\" value=\"create\" \/>\n<input type=\"hidden\" name=\"form_id\" value=\"15\" \/>\n<input type=\"hidden\" name=\"frm_hide_fields_15\" id=\"frm_hide_fields_15\" value=\"\" \/>\n<input type=\"hidden\" name=\"form_key\" value=\"task-state-volunteer\" \/>\n<input type=\"hidden\" name=\"item_meta[0]\" value=\"\" \/>\n<input type=\"hidden\" id=\"frm_submit_entry_15\" name=\"frm_submit_entry_15\" value=\"5c23ccabe6\" \/><input type=\"hidden\" name=\"_wp_http_referer\" value=\"\/fr\/wp-json\/wp\/v2\/pages\/1803\" \/>\t\t<input  type=\"hidden\" name=\"item_meta[196]\" id=\"field_tv_task\" value=\"\"  class=\"form-control\"   \/>\n\t\t\t\t<input  type=\"hidden\" name=\"item_meta[211]\" id=\"field_tv_user\" value=\"\"  class=\"form-control\"   \/>\n\t\t<div id=\"frm_field_240_container\" class=\"frm_form_field frm_section_heading form-field  frm_hide_section\">\r\n<h3 class=\"frm_pos_none frm_section_spacing\">S&rsquo;affiche uniquement lorsque l&rsquo;utilisateur actuel est le b\u00e9n\u00e9vole<\/h3>\r\n\r\n\r\n\t\t<input  type=\"hidden\" name=\"item_meta[198]\" id=\"field_g0yx14\" value=\"jj\/mm\/aa\"  data-sectionid=\"240\"  data-frmval=\"jj\/mm\/aa\" class=\"form-control\"   \/>\n\t\t\t\t<input  type=\"hidden\" name=\"item_meta[221]\" id=\"field_hj6x3\" value=\"1\"  data-frmval=\"1\" class=\"form-control\"   \/>\n\t\t<div id=\"frm_field_201_container\" class=\"frm_form_field  frm12 frm_first frm_html_container form-field\"><strong>1. Es-tu pr\u00eat\u00b7e \u00e0 participer #\u00e0l&rsquo;arrache\u00a0?<\/strong><\/div>\n<div id=\"frm_field_212_container\" class=\"frm_form_field form-field  form-group frm_none_container frm12 frm_first vertical_radio\">\r\n\t<div  id=\"field_6zdt6_label\" class=\"frm_primary_label col-form-label form-label\">Es-tu pr\u00eat\u00b7e \u00e0 participer #\u00e0l&rsquo;arrache\u00a0?\r\n\t\t<span class=\"frm_required\" aria-hidden=\"true\"><\/span>\r\n\t<\/div>\r\n\t<div class=\"frm_opt_container\" aria-labelledby=\"field_6zdt6_label\" role=\"radiogroup\">\t\t<div class=\"frm_radio radio\" id=\"frm_radio_212-240-0\">\t\t\t<label  for=\"field_6zdt6-0\">\n\t\t\t\t\t<input type=\"radio\" name=\"item_meta[212]\" id=\"field_6zdt6-0\" value=\"1\"\n\t\t data-sectionid=\"240\"  data-invmsg=\"Es-tu pr\u00eat\u00b7e \u00e0 participer #\u00e0l&#039;arrache\u00a0? n\u2019est pas valide\"   \/> Oui<\/label><\/div>\n<\/div>\r\n\t\r\n\t\r\n<\/div>\n<div id=\"frm_field_202_container\" class=\"frm_form_field  frm_html_container form-field\"><strong>2&nbsp;: Une date de mission est-elle pr\u00e9vue&nbsp;?<\/strong><\/div>\n<div id=\"frm_field_213_container\" class=\"frm_form_field form-field  form-group frm_none_container vertical_radio\">\r\n\t<div  id=\"field_u2q6h_label\" class=\"frm_primary_label col-form-label form-label\">T2\r\n\t\t<span class=\"frm_required\" aria-hidden=\"true\"><\/span>\r\n\t<\/div>\r\n\t<div class=\"frm_opt_container\" aria-labelledby=\"field_u2q6h_label\" role=\"radiogroup\">\t\t<div class=\"frm_radio radio\" id=\"frm_radio_213-240-0\">\t\t\t<label  for=\"field_u2q6h-0\">\n\t\t\t\t\t<input type=\"radio\" name=\"item_meta[213]\" id=\"field_u2q6h-0\" value=\"1\"\n\t\t data-sectionid=\"240\"  data-invmsg=\"T2 n\u2019est pas valide\"   \/> Oui<\/label><\/div>\n\t\t<div class=\"frm_radio radio\" id=\"frm_radio_213-240-1\">\t\t\t<label  for=\"field_u2q6h-1\">\n\t\t\t\t\t<input type=\"radio\" name=\"item_meta[213]\" id=\"field_u2q6h-1\" value=\"0\"\n\t\t data-sectionid=\"240\"  data-invmsg=\"T2 n\u2019est pas valide\"   \/> Non<\/label><\/div>\n<\/div>\r\n\t\r\n\t\r\n<\/div>\n<div id=\"frm_field_203_container\" class=\"frm_form_field  frm_html_container form-field\">\n<p><strong>3\u00a0: Est-ce que tu sais ce que tu dois apporter (gants, pelle, etc.)\u00a0?<\/strong><\/p>\n<\/div>\n<div id=\"frm_field_214_container\" class=\"frm_form_field form-field  form-group frm_none_container vertical_radio\">\r\n\t<div  id=\"field_b4xqg_label\" class=\"frm_primary_label col-form-label form-label\">T3\r\n\t\t<span class=\"frm_required\" aria-hidden=\"true\"><\/span>\r\n\t<\/div>\r\n\t<div class=\"frm_opt_container\" aria-labelledby=\"field_b4xqg_label\" role=\"radiogroup\">\t\t<div class=\"frm_radio radio\" id=\"frm_radio_214-240-0\">\t\t\t<label  for=\"field_b4xqg-0\">\n\t\t\t\t\t<input type=\"radio\" name=\"item_meta[214]\" id=\"field_b4xqg-0\" value=\"1\"\n\t\t data-sectionid=\"240\"  data-invmsg=\"T3 n\u2019est pas valide\"   \/> Oui<\/label><\/div>\n\t\t<div class=\"frm_radio radio\" id=\"frm_radio_214-240-1\">\t\t\t<label  for=\"field_b4xqg-1\">\n\t\t\t\t\t<input type=\"radio\" name=\"item_meta[214]\" id=\"field_b4xqg-1\" value=\"0\"\n\t\t data-sectionid=\"240\"  data-invmsg=\"T3 n\u2019est pas valide\"   \/> Non<\/label><\/div>\n<\/div>\r\n\t\r\n\t\r\n<\/div>\n<div id=\"frm_field_204_container\" class=\"frm_form_field  frm12 frm_first frm_html_container form-field\"><strong>4\u00a0: Es-tu satisfait\u00b7e de la mission\u00a0?<\/strong><\/div>\n<div id=\"frm_field_215_container\" class=\"frm_form_field form-field  form-group frm_none_container frm12 frm_first vertical_radio\">\r\n\t<div  id=\"field_g6s8s_label\" class=\"frm_primary_label col-form-label form-label\">T4\r\n\t\t<span class=\"frm_required\" aria-hidden=\"true\"><\/span>\r\n\t<\/div>\r\n\t<div class=\"frm_opt_container\" aria-labelledby=\"field_g6s8s_label\" role=\"radiogroup\">\t\t<div class=\"frm_radio radio\" id=\"frm_radio_215-240-0\">\t\t\t<label  for=\"field_g6s8s-0\">\n\t\t\t\t\t<input type=\"radio\" name=\"item_meta[215]\" id=\"field_g6s8s-0\" value=\"1\"\n\t\t data-sectionid=\"240\"  data-invmsg=\"T4 n\u2019est pas valide\"   \/> Oui<\/label><\/div>\n\t\t<div class=\"frm_radio radio\" id=\"frm_radio_215-240-1\">\t\t\t<label  for=\"field_g6s8s-1\">\n\t\t\t\t\t<input type=\"radio\" name=\"item_meta[215]\" id=\"field_g6s8s-1\" value=\"0\"\n\t\t data-sectionid=\"240\"  data-invmsg=\"T4 n\u2019est pas valide\"   \/> Non<\/label><\/div>\n<\/div>\r\n\t\r\n\t\r\n<\/div>\n<div id=\"frm_field_207_container\" class=\"frm_form_field  frm_html_container form-field\">Cette mission est termin\u00e9e, merci beaucoup pour d&rsquo;avoir particip\u00e9 #\u00e0l&rsquo;arrache\u00a0!<\/p>\n<p>Tu souhaites continuer \u00e0 soutenir les personnes ayant des zones touch\u00e9es\u00a0? Trouve <a href=\"https:\/\/zaemesammle.ch\/fr\/rechercher-un-terrain\/\">ici<\/a> ta prochaine mission\u00a0! <\/div>\n<\/div>\n<input type=\"hidden\" name=\"item_meta[216]\" id=\"field_a9knm\" value=\"\" data-frmval=\"\"\/>\n<div id=\"frm_field_256_container\" class=\"frm_form_field form-field  form-group frm_top_container invisible\">\r\n\t<label for=\"field_9mubi\" id=\"field_9mubi_label\" class=\"frm_primary_label col-form-label form-label\">Statut\r\n\t\t<span class=\"frm_required\" aria-hidden=\"true\"><\/span>\r\n\t<\/label>\r\n\t\t\t<select name=\"item_meta[256]\" id=\"field_9mubi\"  data-frmval=\"0\" data-invmsg=\"Statut n\u2019est pas valide\" class=\"form-control\" aria-invalid=\"false\"  >\n\t\t<option  value=\"0\" selected='selected'>Accepter la mission<\/option><option  value=\"1\">Planifier une date<\/option><option  value=\"2\">Information re\u00e7ues<\/option><option  value=\"3\">\u00c9valuation<\/option><option  value=\"4\">Ferm\u00e9<\/option>\t<\/select>\n\t\r\n\t\r\n\t\r\n<\/div>\n<div id=\"frm_field_209_container\" class=\"frm_form_field  frm_first frm10 frm_html_container form-field\"><\/div>\n<div id=\"frm_field_210_container\" class=\"frm_form_field form-field  form-group frm_sixth d-flex p-1 justify-content-end\">\r\n\t<div class=\"form-group frm_submit frm_flex\">\r\n<button class=\"frm_button_submit btn btn-secondary frm_final_submit\" type=\"submit\"  >Mettre \u00e0 jour<\/button>\r\n\r\n\r\n\r\n<\/div>\r\n<\/div>\n\t<input type=\"hidden\" name=\"item_key\" value=\"\" \/>\n\t\t\t<div id=\"frm_field_322_container\">\n\t\t\t<label for=\"field_abwfj\" >\n\t\t\t\tSi vous \u00eates un humain, ne remplissez pas ce champ.\t\t\t<\/label>\n\t\t\t<input  id=\"field_abwfj\" type=\"text\" class=\"frm_form_field form-field frm_verify\" name=\"item_meta[322]\" value=\"\"  \/>\n\t\t<\/div>\n\t\t<input name=\"frm_state\" type=\"hidden\" value=\"pSllQnw5tCAFuZTaBCl\/\/TjQzvF\/X8EDG1Z9i8RIhSTUznC5bW9rFGlJArpO6QoFncFkYumWDaozzKoo\/h01FA==\" \/><\/div>\n<\/fieldset>\n<\/div>\n\n<\/form>\n<\/div>\n\n\n\n<p class=\"has-text-align-center\">Retour \u00e0 mon <a href=\"https:\/\/zaemesammle.ch\/fr\/tableau-de-bord-utilisateur\/\" data-type=\"page\" data-id=\"195\">profil<\/a>.<\/p>\n<\/div>\n<\/div>\n<\/div>\n<\/section>\n","protected":false},"excerpt":{"rendered":"<p>\u00c9tat de la mission Retour \u00e0 mon profil.<\/p>\n","protected":false},"author":1,"featured_media":0,"parent":0,"menu_order":0,"comment_status":"closed","ping_status":"closed","template":"","meta":{"footnotes":""},"class_list":["post-1803","page","type-page","status-publish","hentry"],"_links":{"self":[{"href":"https:\/\/zaemesammle.ch\/fr\/wp-json\/wp\/v2\/pages\/1803","targetHints":{"allow":["GET"]}}],"collection":[{"href":"https:\/\/zaemesammle.ch\/fr\/wp-json\/wp\/v2\/pages"}],"about":[{"href":"https:\/\/zaemesammle.ch\/fr\/wp-json\/wp\/v2\/types\/page"}],"author":[{"embeddable":true,"href":"https:\/\/zaemesammle.ch\/fr\/wp-json\/wp\/v2\/users\/1"}],"replies":[{"embeddable":true,"href":"https:\/\/zaemesammle.ch\/fr\/wp-json\/wp\/v2\/comments?post=1803"}],"version-history":[{"count":4,"href":"https:\/\/zaemesammle.ch\/fr\/wp-json\/wp\/v2\/pages\/1803\/revisions"}],"predecessor-version":[{"id":1866,"href":"https:\/\/zaemesammle.ch\/fr\/wp-json\/wp\/v2\/pages\/1803\/revisions\/1866"}],"wp:attachment":[{"href":"https:\/\/zaemesammle.ch\/fr\/wp-json\/wp\/v2\/media?parent=1803"}],"curies":[{"name":"wp","href":"https:\/\/api.w.org\/{rel}","templated":true}]}}