{"id":1794,"date":"2025-02-01T06:44:20","date_gmt":"2025-02-01T05:44:20","guid":{"rendered":"https:\/\/2p8ckgcagxu.preview.infomaniak.website\/?page_id=1794"},"modified":"2025-12-08T17:47:28","modified_gmt":"2025-12-08T16:47:28","slug":"statut-intervention-gestionnaires-de-surfaces","status":"publish","type":"page","link":"https:\/\/zaemesammle.ch\/fr\/statut-intervention-gestionnaires-de-surfaces\/","title":{"rendered":"Statut mission responsable de terrain"},"content":{"rendered":"\n<section class=\"wp-block-group section section-prim is-layout-constrained wp-block-group-is-layout-constrained\">\n<div class=\"wp-block-group container is-layout-constrained wp-block-group-is-layout-constrained\">\n<h1 class=\"wp-block-heading has-text-align-left\">\u00c9tat de la mission<\/h1>\n\n\n\n<div class=\"wp-block-group card rounded-5 is-layout-constrained wp-block-group-is-layout-constrained\">\n<div class=\"wp-block-group card-body is-layout-constrained wp-block-group-is-layout-constrained\"><div class=\"frm_forms \" id=\"frm_form_14_container\" data-token=\"ef6ec824718d9539419df0138a71eec0\">\n<form enctype=\"multipart\/form-data\" method=\"post\" class=\"frm-show-form  frm_pro_form \" id=\"form_task-state-provider\" data-token=\"ef6ec824718d9539419df0138a71eec0\">\n<div class=\"frm_form_fields \">\n<fieldset>\n<legend class=\"frm_screen_reader\">\u00c9tat de la t\u00e2che &#8211; Fournisseur<\/legend>\r\n\r\n<div class=\"frm_fields_container\">\n<input type=\"hidden\" name=\"frm_action\" value=\"create\" \/>\n<input type=\"hidden\" name=\"form_id\" value=\"14\" \/>\n<input type=\"hidden\" name=\"frm_hide_fields_14\" id=\"frm_hide_fields_14\" value=\"\" \/>\n<input type=\"hidden\" name=\"form_key\" value=\"task-state-provider\" \/>\n<input type=\"hidden\" name=\"item_meta[0]\" value=\"\" \/>\n<input type=\"hidden\" id=\"frm_submit_entry_14\" name=\"frm_submit_entry_14\" value=\"ee13ed65ad\" \/><input type=\"hidden\" name=\"_wp_http_referer\" value=\"\/fr\/wp-json\/wp\/v2\/pages\/1794\" \/>\t\t<input  type=\"hidden\" name=\"item_meta[170]\" id=\"field_tp_task\" value=\"\"  class=\"form-control\"   \/>\n\t\t<div id=\"frm_field_237_container\" class=\"frm_form_field frm_section_heading form-field  frm12 frm_first frm_hide_section\">\r\n<h3 class=\"frm_pos_none frm_section_spacing\">S&rsquo;affiche uniquement lorsque l&rsquo;utilisateur actuel est le fournisseur<\/h3>\r\n\r\n\r\n\t\t<input  type=\"hidden\" name=\"item_meta[172]\" id=\"field_g0yx13\" value=\"jj\/mm\/aa\"  data-frmval=\"jj\/mm\/aa\" class=\"form-control\"   \/>\n\t\t\t\t<input  type=\"hidden\" name=\"item_meta[227]\" id=\"field_fmtid\" value=\"1\"  data-frmval=\"1\" class=\"form-control\"   \/>\n\t\t<div id=\"frm_field_175_container\" class=\"frm_form_field  frm12 frm_first frm_html_container form-field\"><strong>1\u00a0: Es-tu pr\u00eat\u00b7e \u00e0 participer #\u00e0l&rsquo;arrache\u00a0?<\/strong><\/div>\n<div id=\"frm_field_187_container\" class=\"frm_form_field form-field  form-group frm_none_container vertical_radio\">\r\n\t<div  id=\"field_wo2iv_label\" class=\"frm_primary_label col-form-label form-label\">q1\r\n\t\t<span class=\"frm_required\" aria-hidden=\"true\"><\/span>\r\n\t<\/div>\r\n\t<div class=\"frm_opt_container\" aria-labelledby=\"field_wo2iv_label\" role=\"radiogroup\">\t\t<div class=\"frm_radio radio\" id=\"frm_radio_187-237-0\">\t\t\t<label  for=\"field_wo2iv-0\">\n\t\t\t\t\t<input type=\"radio\" name=\"item_meta[187]\" id=\"field_wo2iv-0\" value=\"1\"\n\t\t data-sectionid=\"237\"  data-invmsg=\"q1 n\u2019est pas valide\"   \/> Oui<\/label><\/div>\n<\/div>\r\n\t\r\n\t\r\n<\/div>\n<div id=\"frm_field_176_container\" class=\"frm_form_field  frm_html_container form-field\"><strong>2&nbsp;: Une date de mission est-elle pr\u00e9vue&nbsp;?<\/strong><\/div>\n<div id=\"frm_field_191_container\" class=\"frm_form_field form-field  form-group frm_none_container vertical_radio\">\r\n\t<div  id=\"field_2rfa7_label\" class=\"frm_primary_label col-form-label form-label\">q2\r\n\t\t<span class=\"frm_required\" aria-hidden=\"true\"><\/span>\r\n\t<\/div>\r\n\t<div class=\"frm_opt_container\" aria-labelledby=\"field_2rfa7_label\" role=\"radiogroup\">\t\t<div class=\"frm_radio radio\" id=\"frm_radio_191-237-0\">\t\t\t<label  for=\"field_2rfa7-0\">\n\t\t\t\t\t<input type=\"radio\" name=\"item_meta[191]\" id=\"field_2rfa7-0\" value=\"1\"\n\t\t data-sectionid=\"237\"  data-invmsg=\"q2 n\u2019est pas valide\"   \/> Oui<\/label><\/div>\n\t\t<div class=\"frm_radio radio\" id=\"frm_radio_191-237-1\">\t\t\t<label  for=\"field_2rfa7-1\">\n\t\t\t\t\t<input type=\"radio\" name=\"item_meta[191]\" id=\"field_2rfa7-1\" value=\"0\"\n\t\t data-sectionid=\"237\"  data-invmsg=\"q2 n\u2019est pas valide\"   \/> Non<\/label><\/div>\n<\/div>\r\n\t\r\n\t\r\n<\/div>\n<div id=\"frm_field_177_container\" class=\"frm_form_field  frm_html_container form-field\"><strong>3\u00a0: As-tu communiqu\u00e9 toutes les informations relatives \u00e0 la mission\u00a0?<\/strong><\/p>\n<p><em>Il est de ta responsabilit\u00e9 de veiller \u00e0 ce que les n\u00e9ophytes soient correctement retir\u00e9es et \u00e9limin\u00e9es. Le jour de la mission, tu dois montrer aux volontaires comment reconna\u00eetre les n\u00e9ophytes et comment les \u00e9liminer correctement. Si tu as besoin d\u2019informations suppl\u00e9mentaires, tu trouveras des fiches d\u2019information sur les plantes envahissantes <a href=\"https:\/\/zaemesammle.ch\/fr\/neophytes-envahissantes\/\">ici<\/a> ainsi que des informations sur l\u2019\u00e9limination correcte <a href=\"https:\/\/www.ag.ch\/de\/themen\/neobiota\/haeufige-fragen-(faq)?jumpto=MjM0OTg2Ni8xOGRmODkxYS0zNTk5LTQzMjQtYmMxZC0yNjRkZDUxMWVhNjg\">ici<\/a>.<\/em><\/p>\n<p><strong>As-tu indiqu\u00e9 aux volontaires ce dont elles et ils ont besoin avant la mission\u00a0? As-tu suffisamment de gants et de pelles \u00e0 leur proposer\u00a0? Est-ce qu&rsquo;elles ou ils ont besoin d&rsquo;apporter quelque chose ?<\/strong><\/div>\n<div id=\"frm_field_190_container\" class=\"frm_form_field form-field  form-group frm_none_container vertical_radio\">\r\n\t<div  id=\"field_bufbs_label\" class=\"frm_primary_label col-form-label form-label\">q3\r\n\t\t<span class=\"frm_required\" aria-hidden=\"true\"><\/span>\r\n\t<\/div>\r\n\t<div class=\"frm_opt_container\" aria-labelledby=\"field_bufbs_label\" role=\"radiogroup\">\t\t<div class=\"frm_radio radio\" id=\"frm_radio_190-237-0\">\t\t\t<label  for=\"field_bufbs-0\">\n\t\t\t\t\t<input type=\"radio\" name=\"item_meta[190]\" id=\"field_bufbs-0\" value=\"1\"\n\t\t data-sectionid=\"237\"  data-invmsg=\"q3 n\u2019est pas valide\"   \/> Oui<\/label><\/div>\n\t\t<div class=\"frm_radio radio\" id=\"frm_radio_190-237-1\">\t\t\t<label  for=\"field_bufbs-1\">\n\t\t\t\t\t<input type=\"radio\" name=\"item_meta[190]\" id=\"field_bufbs-1\" value=\"0\"\n\t\t data-sectionid=\"237\"  data-invmsg=\"q3 n\u2019est pas valide\"   \/> Non<\/label><\/div>\n<\/div>\r\n\t\r\n\t\r\n<\/div>\n<div id=\"frm_field_178_container\" class=\"frm_form_field  frm_html_container form-field\"><strong>4 : La mission est-elle termin\u00e9e\u00a0? <\/strong><\/p>\n<p><em>Si tu n&rsquo;as plus besoin d\u2019aide pour ce terrain, clique sur \u00ab\u00a0oui\u00a0\u00bb. Si tu recherches \u00e0 nouveau des volontaires pour ce terrain, clique sur \u00ab\u00a0non\u00a0\u00bb. <\/em><\/div>\n<div id=\"frm_field_189_container\" class=\"frm_form_field form-field  form-group frm_none_container vertical_radio\">\r\n\t<div  id=\"field_g3y4o_label\" class=\"frm_primary_label col-form-label form-label\">q4\r\n\t\t<span class=\"frm_required\" aria-hidden=\"true\"><\/span>\r\n\t<\/div>\r\n\t<div class=\"frm_opt_container\" aria-labelledby=\"field_g3y4o_label\" role=\"radiogroup\">\t\t<div class=\"frm_radio radio\" id=\"frm_radio_189-237-0\">\t\t\t<label  for=\"field_g3y4o-0\">\n\t\t\t\t\t<input type=\"radio\" name=\"item_meta[189]\" id=\"field_g3y4o-0\" value=\"1\"\n\t\t data-sectionid=\"237\"  data-invmsg=\"q4 n\u2019est pas valide\"   \/> Oui<\/label><\/div>\n\t\t<div class=\"frm_radio radio\" id=\"frm_radio_189-237-1\">\t\t\t<label  for=\"field_g3y4o-1\">\n\t\t\t\t\t<input type=\"radio\" name=\"item_meta[189]\" id=\"field_g3y4o-1\" value=\"0\"\n\t\t data-sectionid=\"237\"  data-invmsg=\"q4 n\u2019est pas valide\"   \/> Non<\/label><\/div>\n<\/div>\r\n\t\r\n\t\r\n<\/div>\n<div id=\"frm_field_179_container\" class=\"frm_form_field  frm12 frm_first frm_html_container form-field\"><strong>5 : Les n\u00e9ophytes ont-ils \u00e9t\u00e9 \u00e9limin\u00e9s avec soin&nbsp;?<\/strong><\/div>\n<div id=\"frm_field_188_container\" class=\"frm_form_field form-field  form-group frm_none_container vertical_radio\">\r\n\t<div  id=\"field_2zaax_label\" class=\"frm_primary_label col-form-label form-label\">q5\r\n\t\t<span class=\"frm_required\" aria-hidden=\"true\"><\/span>\r\n\t<\/div>\r\n\t<div class=\"frm_opt_container\" aria-labelledby=\"field_2zaax_label\" role=\"radiogroup\">\t\t<div class=\"frm_radio radio\" id=\"frm_radio_188-237-0\">\t\t\t<label  for=\"field_2zaax-0\">\n\t\t\t\t\t<input type=\"radio\" name=\"item_meta[188]\" id=\"field_2zaax-0\" value=\"1\"\n\t\t data-sectionid=\"237\"  data-invmsg=\"q5 n\u2019est pas valide\"   \/> Oui<\/label><\/div>\n\t\t<div class=\"frm_radio radio\" id=\"frm_radio_188-237-1\">\t\t\t<label  for=\"field_2zaax-1\">\n\t\t\t\t\t<input type=\"radio\" name=\"item_meta[188]\" id=\"field_2zaax-1\" value=\"0\"\n\t\t data-sectionid=\"237\"  data-invmsg=\"q5 n\u2019est pas valide\"   \/> Non<\/label><\/div>\n<\/div>\r\n\t\r\n\t\r\n<\/div>\n<div id=\"frm_field_180_container\" class=\"frm_form_field  frm_html_container form-field\"><strong>6 : Es-tu satisfait\u00b7e de la mission\u00a0?<\/strong><\/div>\n<div id=\"frm_field_181_container\" class=\"frm_form_field form-field  form-group frm_none_container vertical_radio\">\r\n\t<div  id=\"field_g3zu32_label\" class=\"frm_primary_label col-form-label form-label\">q6\r\n\t\t<span class=\"frm_required\" aria-hidden=\"true\"><\/span>\r\n\t<\/div>\r\n\t<div class=\"frm_opt_container\" aria-labelledby=\"field_g3zu32_label\" role=\"radiogroup\">\t\t<div class=\"frm_radio radio\" id=\"frm_radio_181-237-0\">\t\t\t<label  for=\"field_g3zu32-0\">\n\t\t\t\t\t<input type=\"radio\" name=\"item_meta[181]\" id=\"field_g3zu32-0\" value=\"1\"\n\t\t data-sectionid=\"237\"  data-invmsg=\"q6 n\u2019est pas valide\"   \/> Oui<\/label><\/div>\n\t\t<div class=\"frm_radio radio\" id=\"frm_radio_181-237-1\">\t\t\t<label  for=\"field_g3zu32-1\">\n\t\t\t\t\t<input type=\"radio\" name=\"item_meta[181]\" id=\"field_g3zu32-1\" value=\"0\"\n\t\t data-sectionid=\"237\"  data-invmsg=\"q6 n\u2019est pas valide\"   \/> Non<\/label><\/div>\n<\/div>\r\n\t\r\n\t\r\n<\/div>\n<div id=\"frm_field_183_container\" class=\"frm_form_field  frm_html_container form-field\">Cette mission est termin\u00e9e, merci beaucoup d&rsquo;avoir particip\u00e9 <strong>#\u00e0l&rsquo;arrache<\/strong>\u00a0!<\/p>\n<p>As-tu d\u2019autres zones touch\u00e9es par les n\u00e9ophytes pour lesquelles tu recherches de l\u2019aide\u00a0? Enregistre un <a href=\"https:\/\/zaemesammle.ch\/fr\/nouveau-terrain\/\">nouveau terrain<\/a> ou <a href=\"https:\/\/zaemesammle.ch\/fr\/recherche-de-volontaires\/\">recherche des volontaires<\/a> pour les terrains d\u00e9j\u00e0 enregistr\u00e9s. <\/div>\n<\/div>\n\t\t<input  type=\"hidden\" name=\"item_meta[193]\" id=\"field_6mwcp\" value=\"\"  class=\"form-control\"   \/>\n\t\t<input type=\"hidden\" name=\"item_meta[192]\" id=\"field_h68g8\" value=\"\" data-frmval=\"\"\/>\n<div id=\"frm_field_257_container\" class=\"frm_form_field form-field  form-group frm_top_container invisible\">\r\n\t<label for=\"field_gr7ig\" id=\"field_gr7ig_label\" class=\"frm_primary_label col-form-label form-label\">Statut\r\n\t\t<span class=\"frm_required\" aria-hidden=\"true\"><\/span>\r\n\t<\/label>\r\n\t\t\t<select name=\"item_meta[257]\" id=\"field_gr7ig\"  data-frmval=\"0\" data-invmsg=\"Statut n\u2019est pas valide\" class=\"form-control\" aria-invalid=\"false\"  >\n\t\t<option  value=\"0\" selected='selected'>Accepter la mission<\/option><option  value=\"1\">Planifier une date<\/option><option  value=\"2\">Communiquer les informations<\/option><option  value=\"3\">Mission accomplie&nbsp;?<\/option><option  value=\"4\">\u00c9limination des n\u00e9ophytes<\/option><option  value=\"5\">\u00c9valuation<\/option><option  value=\"6\">Ferm\u00e9<\/option>\t<\/select>\n\t\r\n\t\r\n\t\r\n<\/div>\n<div id=\"frm_field_185_container\" class=\"frm_form_field  frm10 frm_first frm_html_container form-field\"><\/div>\n<div id=\"frm_field_186_container\" class=\"frm_form_field form-field  form-group frm2 d-flex p-1 justify-content-end\">\r\n\t<div class=\"form-group frm_submit frm_flex\">\r\n<button class=\"frm_button_submit btn btn-secondary frm_final_submit\" type=\"submit\"  >Mettre \u00e0 jour<\/button>\r\n\r\n\r\n\r\n<\/div>\r\n<\/div>\n\t<input type=\"hidden\" name=\"item_key\" value=\"\" \/>\n\t\t\t<div id=\"frm_field_322_container\">\n\t\t\t<label for=\"field_v84ym\" >\n\t\t\t\tSi vous \u00eates un humain, ne remplissez pas ce champ.\t\t\t<\/label>\n\t\t\t<input  id=\"field_v84ym\" type=\"text\" class=\"frm_form_field form-field frm_verify\" name=\"item_meta[322]\" value=\"\"  \/>\n\t\t<\/div>\n\t\t<input name=\"frm_state\" type=\"hidden\" value=\"pSllQnw5tCAFuZTaBCl\/\/UGinxKLPADWMzddw+DeDitoanOZj7CUDbgHMeeAZR09\" \/><\/div>\n<\/fieldset>\n<\/div>\n\n<\/form>\n<\/div>\n<\/div>\n\n\n\n<p>Retour \u00e0 mon <a href=\"https:\/\/zaemesammle.ch\/fr\/tableau-de-bord-utilisateur\/\" data-type=\"link\" data-id=\"https:\/\/zaemesammle.ch\/benutzerin-dashboard\/\">profil<\/a>.<\/p>\n<\/div>\n<\/div>\n<\/section>\n\n<p><\/p>\n","protected":false},"excerpt":{"rendered":"<p>\u00c9tat de la mission Retour \u00e0 mon profil.<\/p>\n","protected":false},"author":1,"featured_media":0,"parent":0,"menu_order":0,"comment_status":"closed","ping_status":"closed","template":"","meta":{"footnotes":""},"class_list":["post-1794","page","type-page","status-publish","hentry"],"_links":{"self":[{"href":"https:\/\/zaemesammle.ch\/fr\/wp-json\/wp\/v2\/pages\/1794","targetHints":{"allow":["GET"]}}],"collection":[{"href":"https:\/\/zaemesammle.ch\/fr\/wp-json\/wp\/v2\/pages"}],"about":[{"href":"https:\/\/zaemesammle.ch\/fr\/wp-json\/wp\/v2\/types\/page"}],"author":[{"embeddable":true,"href":"https:\/\/zaemesammle.ch\/fr\/wp-json\/wp\/v2\/users\/1"}],"replies":[{"embeddable":true,"href":"https:\/\/zaemesammle.ch\/fr\/wp-json\/wp\/v2\/comments?post=1794"}],"version-history":[{"count":4,"href":"https:\/\/zaemesammle.ch\/fr\/wp-json\/wp\/v2\/pages\/1794\/revisions"}],"predecessor-version":[{"id":1860,"href":"https:\/\/zaemesammle.ch\/fr\/wp-json\/wp\/v2\/pages\/1794\/revisions\/1860"}],"wp:attachment":[{"href":"https:\/\/zaemesammle.ch\/fr\/wp-json\/wp\/v2\/media?parent=1794"}],"curies":[{"name":"wp","href":"https:\/\/api.w.org\/{rel}","templated":true}]}}